{"id":1849,"date":"2022-10-10T17:01:41","date_gmt":"2022-10-10T17:01:41","guid":{"rendered":"https:\/\/titikakakolla.com\/pagoweb\/?post_type=product&#038;p=1849"},"modified":"2022-10-10T17:01:42","modified_gmt":"2022-10-10T17:01:42","slug":"exc-uros-amantani-taquile-2d-1n","status":"publish","type":"product","link":"https:\/\/titikakakolla.com\/pagoweb\/producto\/exc-uros-amantani-taquile-2d-1n\/","title":{"rendered":"EXC. UROS + AMANTAN\u00cd + TAQUILE 2D\/1N"},"content":{"rendered":"","protected":false},"excerpt":{"rendered":"<p>(Servicio compartido por persona)<\/p>\n<p>Incluye (Traslados de hotel de la ciudad, ingreso a 3 islas, alojamiento en Amantan\u00ed, 4 comidas, gu\u00eda y embarcaci\u00f3n)<\/p>\n<p>No incluye impuestos<\/p>\n","protected":false},"featured_media":1850,"comment_status":"open","ping_status":"closed","template":"","meta":[],"product_brand":[],"product_cat":[96],"product_tag":[],"class_list":{"0":"post-1849","1":"product","2":"type-product","3":"status-publish","4":"has-post-thumbnail","6":"product_cat-sin-categorizar","8":"first","9":"instock","10":"shipping-taxable","11":"purchasable","12":"product-type-simple"},"acf":[],"_links":{"self":[{"href":"https:\/\/titikakakolla.com\/pagoweb\/wp-json\/wp\/v2\/product\/1849","targetHints":{"allow":["GET"]}}],"collection":[{"href":"https:\/\/titikakakolla.com\/pagoweb\/wp-json\/wp\/v2\/product"}],"about":[{"href":"https:\/\/titikakakolla.com\/pagoweb\/wp-json\/wp\/v2\/types\/product"}],"replies":[{"embeddable":true,"href":"https:\/\/titikakakolla.com\/pagoweb\/wp-json\/wp\/v2\/comments?post=1849"}],"wp:featuredmedia":[{"embeddable":true,"href":"https:\/\/titikakakolla.com\/pagoweb\/wp-json\/wp\/v2\/media\/1850"}],"wp:attachment":[{"href":"https:\/\/titikakakolla.com\/pagoweb\/wp-json\/wp\/v2\/media?parent=1849"}],"wp:term":[{"taxonomy":"product_brand","embeddable":true,"href":"https:\/\/titikakakolla.com\/pagoweb\/wp-json\/wp\/v2\/product_brand?post=1849"},{"taxonomy":"product_cat","embeddable":true,"href":"https:\/\/titikakakolla.com\/pagoweb\/wp-json\/wp\/v2\/product_cat?post=1849"},{"taxonomy":"product_tag","embeddable":true,"href":"https:\/\/titikakakolla.com\/pagoweb\/wp-json\/wp\/v2\/product_tag?post=1849"}],"curies":[{"name":"wp","href":"https:\/\/api.w.org\/{rel}","templated":true}]}}